{"id":1219,"date":"2025-11-21T00:37:36","date_gmt":"2025-11-21T00:37:36","guid":{"rendered":"https:\/\/www.arenera.org.mx\/index.php\/event-types\/"},"modified":"2025-11-21T00:37:36","modified_gmt":"2025-11-21T00:37:36","slug":"event-types","status":"publish","type":"page","link":"https:\/\/www.arenera.org.mx\/index.php\/event-types\/","title":{"rendered":"Event Types"},"content":{"rendered":"<div class=\"emagic\">\r\n<div class=\"ep-event-types-container ep-mb-5\" id=\"ep-event-types-container\">\r\n         <form id=\"ep_event_type_search_form\" class=\"ep-box-wrap ep-box-search-form ep-box-bottom ep-mb-4\" name=\"ep_event_type_search_form\" action=\"\">\r\n        <div class=\"ep-bg-light ep-border ep-rounded ep-px-3\">\r\n            <div class=\"ep-box-row\">\r\n                <div class=\"ep-box-col-8 ep-p-3 ep-position-relative\">\r\n                    <div class=\"ep-input-group\">\r\n                        <span class=\"ep-input-group-text ep-bg-white ep-text-muted\">\r\n                            <span class=\"material-icons-outlined\">search<\/span>\r\n                        <\/span>\r\n                        <input type=\"hidden\" name=\"ep_search\" value=\"1\" \/>\r\n                        <input placeholder=\"Keyword\" class=\"ep-form-control ep-form-control-sm ep-border-start-0\" type=\"text\" name=\"keyword\" id=\"ep_keyword\" value=\"\" \/>  \r\n                        <input class=\"ep-btn ep-btn-dark ep-btn-sm\" type=\"submit\" value=\"Search\"\/>\r\n                    <\/div>\r\n                <\/div>\r\n                <div class=\"ep-box-col-4 ep-event-filter-block ep-text-item-right ep-d-inline-flex ep-align-items-center\">\r\n                                    <\/div>\r\n            <\/div>\r\n        <\/div>\r\n    <\/form>\r\n                \r\n                    <div class=\"ep-event-type ep-event-type-card-container ep-box-wrap\"> \r\n                <div id=\"ep-event-types-loader-section\" class=\"ep-box-row ep-box-top ep-event_type-card-wrap\">\r\n                        <div class=\"ep-box-col-3 ep-col-md-6 ep-mb-3 ep-event-type-col-section\">\r\n        <div class=\"ep-box-card-item \">\r\n            <div class=\"ep-box-card-thumb\" >\r\n                <a href=\"https:\/\/www.arenera.org.mx\/index.php\/event-types\/?event_type=54\" class=\"ep-img-link\">\r\n                    <img decoding=\"async\" src=\"https:\/\/www.arenera.org.mx\/wp-content\/plugins\/eventprime-event-calendar-management\/admin\/partials\/images\/dummy_image.png\" alt=\"\"> \r\n                <\/a>\r\n            <\/div>\r\n            <div class=\"ep-box-card-content ep-bg-white\">\r\n                <div class=\"ep-box-title ep-box-card-title\">\r\n                    <a href=\"https:\/\/www.arenera.org.mx\/index.php\/event-types\/?event_type=54\">\r\n                        Desarrollo Urbano \u2013 Registro de impacto estatal COIME                    <\/a>\r\n                <\/div>\r\n            <\/div>\r\n        <\/div>\r\n    <\/div>\r\n    <div class=\"ep-box-col-3 ep-col-md-6 ep-mb-3 ep-event-type-col-section\">\r\n        <div class=\"ep-box-card-item \">\r\n            <div class=\"ep-box-card-thumb\" >\r\n                <a href=\"https:\/\/www.arenera.org.mx\/index.php\/event-types\/?event_type=53\" class=\"ep-img-link\">\r\n                    <img decoding=\"async\" src=\"https:\/\/www.arenera.org.mx\/wp-content\/plugins\/eventprime-event-calendar-management\/admin\/partials\/images\/dummy_image.png\" alt=\"\"> \r\n                <\/a>\r\n            <\/div>\r\n            <div class=\"ep-box-card-content ep-bg-white\">\r\n                <div class=\"ep-box-title ep-box-card-title\">\r\n                    <a href=\"https:\/\/www.arenera.org.mx\/index.php\/event-types\/?event_type=53\">\r\n                        Desarrollo Urbano \u2013 Impacto estatal                    <\/a>\r\n                <\/div>\r\n            <\/div>\r\n        <\/div>\r\n    <\/div>\r\n    <div class=\"ep-box-col-3 ep-col-md-6 ep-mb-3 ep-event-type-col-section\">\r\n        <div class=\"ep-box-card-item \">\r\n            <div class=\"ep-box-card-thumb\" >\r\n                <a href=\"https:\/\/www.arenera.org.mx\/index.php\/event-types\/?event_type=52\" class=\"ep-img-link\">\r\n                    <img decoding=\"async\" src=\"https:\/\/www.arenera.org.mx\/wp-content\/plugins\/eventprime-event-calendar-management\/admin\/partials\/images\/dummy_image.png\" alt=\"\"> \r\n                <\/a>\r\n            <\/div>\r\n            <div class=\"ep-box-card-content ep-bg-white\">\r\n                <div class=\"ep-box-title ep-box-card-title\">\r\n                    <a href=\"https:\/\/www.arenera.org.mx\/index.php\/event-types\/?event_type=52\">\r\n                        Desarrollo Urbano \u2013 Identificaci\u00f3n de usos de suelo                    <\/a>\r\n                <\/div>\r\n            <\/div>\r\n        <\/div>\r\n    <\/div>\r\n    <div class=\"ep-box-col-3 ep-col-md-6 ep-mb-3 ep-event-type-col-section\">\r\n        <div class=\"ep-box-card-item \">\r\n            <div class=\"ep-box-card-thumb\" >\r\n                <a href=\"https:\/\/www.arenera.org.mx\/index.php\/event-types\/?event_type=51\" class=\"ep-img-link\">\r\n                    <img decoding=\"async\" src=\"https:\/\/www.arenera.org.mx\/wp-content\/plugins\/eventprime-event-calendar-management\/admin\/partials\/images\/dummy_image.png\" alt=\"\"> \r\n                <\/a>\r\n            <\/div>\r\n            <div class=\"ep-box-card-content ep-bg-white\">\r\n                <div class=\"ep-box-title ep-box-card-title\">\r\n                    <a href=\"https:\/\/www.arenera.org.mx\/index.php\/event-types\/?event_type=51\">\r\n                        Desarrollo Urbano - Obtenci\u00f3n de cedulas de zonificaci\u00f3n                    <\/a>\r\n                <\/div>\r\n            <\/div>\r\n        <\/div>\r\n    <\/div>\r\n    <div class=\"ep-box-col-3 ep-col-md-6 ep-mb-3 ep-event-type-col-section\">\r\n        <div class=\"ep-box-card-item \">\r\n            <div class=\"ep-box-card-thumb\" >\r\n                <a href=\"https:\/\/www.arenera.org.mx\/index.php\/event-types\/?event_type=50\" class=\"ep-img-link\">\r\n                    <img decoding=\"async\" src=\"https:\/\/www.arenera.org.mx\/wp-content\/plugins\/eventprime-event-calendar-management\/admin\/partials\/images\/dummy_image.png\" alt=\"\"> \r\n                <\/a>\r\n            <\/div>\r\n            <div class=\"ep-box-card-content ep-bg-white\">\r\n                <div class=\"ep-box-title ep-box-card-title\">\r\n                    <a href=\"https:\/\/www.arenera.org.mx\/index.php\/event-types\/?event_type=50\">\r\n                        Protecci\u00f3n Civil \u2013 Consultor\u00eda en implementaci\u00f3n de programa de Protecci\u00f3n Civil                    <\/a>\r\n                <\/div>\r\n            <\/div>\r\n        <\/div>\r\n    <\/div>\r\n    <div class=\"ep-box-col-3 ep-col-md-6 ep-mb-3 ep-event-type-col-section\">\r\n        <div class=\"ep-box-card-item \">\r\n            <div class=\"ep-box-card-thumb\" >\r\n                <a href=\"https:\/\/www.arenera.org.mx\/index.php\/event-types\/?event_type=49\" class=\"ep-img-link\">\r\n                    <img decoding=\"async\" src=\"https:\/\/www.arenera.org.mx\/wp-content\/plugins\/eventprime-event-calendar-management\/admin\/partials\/images\/dummy_image.png\" alt=\"\"> \r\n                <\/a>\r\n            <\/div>\r\n            <div class=\"ep-box-card-content ep-bg-white\">\r\n                <div class=\"ep-box-title ep-box-card-title\">\r\n                    <a href=\"https:\/\/www.arenera.org.mx\/index.php\/event-types\/?event_type=49\">\r\n                        Protecci\u00f3n Civil - Obtenci\u00f3n de registros de Protecci\u00f3n Civil                    <\/a>\r\n                <\/div>\r\n            <\/div>\r\n        <\/div>\r\n    <\/div>\r\n    <div class=\"ep-box-col-3 ep-col-md-6 ep-mb-3 ep-event-type-col-section\">\r\n        <div class=\"ep-box-card-item \">\r\n            <div class=\"ep-box-card-thumb\" >\r\n                <a href=\"https:\/\/www.arenera.org.mx\/index.php\/event-types\/?event_type=48\" class=\"ep-img-link\">\r\n                    <img decoding=\"async\" src=\"https:\/\/www.arenera.org.mx\/wp-content\/plugins\/eventprime-event-calendar-management\/admin\/partials\/images\/dummy_image.png\" alt=\"\"> \r\n                <\/a>\r\n            <\/div>\r\n            <div class=\"ep-box-card-content ep-bg-white\">\r\n                <div class=\"ep-box-title ep-box-card-title\">\r\n                    <a href=\"https:\/\/www.arenera.org.mx\/index.php\/event-types\/?event_type=48\">\r\n                        Medio Ambiente \u2013 Apoyo de manejo de residuos peligrosos                    <\/a>\r\n                <\/div>\r\n            <\/div>\r\n        <\/div>\r\n    <\/div>\r\n    <div class=\"ep-box-col-3 ep-col-md-6 ep-mb-3 ep-event-type-col-section\">\r\n        <div class=\"ep-box-card-item \">\r\n            <div class=\"ep-box-card-thumb\" >\r\n                <a href=\"https:\/\/www.arenera.org.mx\/index.php\/event-types\/?event_type=47\" class=\"ep-img-link\">\r\n                    <img decoding=\"async\" src=\"https:\/\/www.arenera.org.mx\/wp-content\/plugins\/eventprime-event-calendar-management\/admin\/partials\/images\/dummy_image.png\" alt=\"\"> \r\n                <\/a>\r\n            <\/div>\r\n            <div class=\"ep-box-card-content ep-bg-white\">\r\n                <div class=\"ep-box-title ep-box-card-title\">\r\n                    <a href=\"https:\/\/www.arenera.org.mx\/index.php\/event-types\/?event_type=47\">\r\n                        Medio Ambiente \u2013 Registro de residuos de manejo especial                    <\/a>\r\n                <\/div>\r\n            <\/div>\r\n        <\/div>\r\n    <\/div>\r\n    <div class=\"ep-box-col-3 ep-col-md-6 ep-mb-3 ep-event-type-col-section\">\r\n        <div class=\"ep-box-card-item \">\r\n            <div class=\"ep-box-card-thumb\" >\r\n                <a href=\"https:\/\/www.arenera.org.mx\/index.php\/event-types\/?event_type=46\" class=\"ep-img-link\">\r\n                    <img decoding=\"async\" src=\"https:\/\/www.arenera.org.mx\/wp-content\/plugins\/eventprime-event-calendar-management\/admin\/partials\/images\/dummy_image.png\" alt=\"\"> \r\n                <\/a>\r\n            <\/div>\r\n            <div class=\"ep-box-card-content ep-bg-white\">\r\n                <div class=\"ep-box-title ep-box-card-title\">\r\n                    <a href=\"https:\/\/www.arenera.org.mx\/index.php\/event-types\/?event_type=46\">\r\n                        Medio Ambiente - Actualizaci\u00f3n de resoluciones de ri\u00e9zgo                    <\/a>\r\n                <\/div>\r\n            <\/div>\r\n        <\/div>\r\n    <\/div>\r\n    <div class=\"ep-box-col-3 ep-col-md-6 ep-mb-3 ep-event-type-col-section\">\r\n        <div class=\"ep-box-card-item \">\r\n            <div class=\"ep-box-card-thumb\" >\r\n                <a href=\"https:\/\/www.arenera.org.mx\/index.php\/event-types\/?event_type=45\" class=\"ep-img-link\">\r\n                    <img decoding=\"async\" src=\"https:\/\/www.arenera.org.mx\/wp-content\/plugins\/eventprime-event-calendar-management\/admin\/partials\/images\/dummy_image.png\" alt=\"\"> \r\n                <\/a>\r\n            <\/div>\r\n            <div class=\"ep-box-card-content ep-bg-white\">\r\n                <div class=\"ep-box-title ep-box-card-title\">\r\n                    <a href=\"https:\/\/www.arenera.org.mx\/index.php\/event-types\/?event_type=45\">\r\n                        Medio Ambiente - Actualizaci\u00f3n de resoluciones ambientales                    <\/a>\r\n                <\/div>\r\n            <\/div>\r\n        <\/div>\r\n    <\/div>\r\n                    <\/div>\r\n            <\/div>    \r\n                \r\n    <\/div><\/div>\n","protected":false},"excerpt":{"rendered":"","protected":false},"author":1,"featured_media":0,"parent":0,"menu_order":0,"comment_status":"closed","ping_status":"closed","template":"","meta":{"_crdt_document":"","footnotes":""},"folder":[44],"class_list":["post-1219","page","type-page","status-publish","hentry"],"blocksy_meta":[],"_links":{"self":[{"href":"https:\/\/www.arenera.org.mx\/index.php\/wp-json\/wp\/v2\/pages\/1219","targetHints":{"allow":["GET"]}}],"collection":[{"href":"https:\/\/www.arenera.org.mx\/index.php\/wp-json\/wp\/v2\/pages"}],"about":[{"href":"https:\/\/www.arenera.org.mx\/index.php\/wp-json\/wp\/v2\/types\/page"}],"author":[{"embeddable":true,"href":"https:\/\/www.arenera.org.mx\/index.php\/wp-json\/wp\/v2\/users\/1"}],"replies":[{"embeddable":true,"href":"https:\/\/www.arenera.org.mx\/index.php\/wp-json\/wp\/v2\/comments?post=1219"}],"version-history":[{"count":0,"href":"https:\/\/www.arenera.org.mx\/index.php\/wp-json\/wp\/v2\/pages\/1219\/revisions"}],"wp:attachment":[{"href":"https:\/\/www.arenera.org.mx\/index.php\/wp-json\/wp\/v2\/media?parent=1219"}],"wp:term":[{"taxonomy":"folder","embeddable":true,"href":"https:\/\/www.arenera.org.mx\/index.php\/wp-json\/wp\/v2\/folder?post=1219"}],"curies":[{"name":"wp","href":"https:\/\/api.w.org\/{rel}","templated":true}]}}