{"id":999,"date":"2025-11-13T04:21:29","date_gmt":"2025-11-13T04:21:29","guid":{"rendered":"https:\/\/www.arenera.org.mx\/?page_id=999"},"modified":"2026-02-11T16:09:23","modified_gmt":"2026-02-11T16:09:23","slug":"eventos-y-noticias","status":"publish","type":"page","link":"https:\/\/www.arenera.org.mx\/index.php\/eventos-y-noticias\/","title":{"rendered":"EVENTOS Y NOTICIAS 1"},"content":{"rendered":"\n<div class=\"wp-block-stackable-columns alignwide stk-block-columns stk-block stk-d8ad1e9 stk-block-background stk--has-background-overlay\" data-block-id=\"d8ad1e9\"><style>.stk-d8ad1e9 {background-image:url(https:\/\/www.arenera.org.mx\/wp-content\/uploads\/2025\/10\/Caria-5.fw_.png) !important;min-height:var(--stk--preset--block-height--x-large, 24rem) !important;max-width:1500px !important;min-width:auto !important;padding-top:var(--stk--preset--spacing--80, 5.06rem) !important;padding-right:var(--stk--preset--spacing--80, 5.06rem) !important;padding-bottom:var(--stk--preset--spacing--80, 5.06rem) !important;padding-left:var(--stk--preset--spacing--80, 5.06rem) !important;margin-bottom:67px !important;}.stk-d8ad1e9-column{max-width:1500px !important;min-width:auto !important;margin-right:auto !important;margin-left:auto !important;}<\/style><div class=\"stk-row stk-inner-blocks has-text-align-left stk-block-content stk-content-align stk-d8ad1e9-column alignwide\">\n<div class=\"wp-block-stackable-column stk-block-column stk-column stk-block stk-f6fcb81\" data-v=\"4\" data-block-id=\"f6fcb81\"><style>@media screen and (min-width:690px){.stk-f6fcb81 {flex:var(--stk-flex-grow, 1) 1 calc(77% - var(--stk-column-gap, 0px) * 1 \/ 2 ) !important;}}<\/style><div class=\"stk-column-wrapper stk-block-column__content stk-container stk-f6fcb81-container stk--no-background stk--no-padding\"><div class=\"stk-block-content stk-inner-blocks stk-f6fcb81-inner-blocks\">\n<p class=\"wp-block-paragraph\"><\/p>\n\n\n\n<p class=\"has-white-color has-text-color has-link-color has-x-large-font-size wp-elements-ab4a966c5d09cbc4de6d9c7b7cdf56c6 wp-block-paragraph\"><strong>Eventos y noticias<\/strong><\/p>\n<\/div><\/div><\/div>\n\n\n\n<div class=\"wp-block-stackable-column stk-block-column stk-column stk-block stk-b820f66\" data-v=\"4\" data-block-id=\"b820f66\"><style>@media screen and (min-width:690px){.stk-b820f66 {flex:var(--stk-flex-grow, 1) 1 calc(23% - var(--stk-column-gap, 0px) * 1 \/ 2 ) !important;}}<\/style><div class=\"stk-column-wrapper stk-block-column__content stk-container stk-b820f66-container stk--no-background stk--no-padding\"><div class=\"stk-block-content stk-inner-blocks stk-b820f66-inner-blocks\"><\/div><\/div><\/div>\n<\/div><\/div>\n\n\n\n<div class=\"wp-block-stackable-spacer stk-block-spacer stk--no-padding stk-block stk-516d2cf\" data-block-id=\"516d2cf\"><\/div>\n\n\n\n<div class=\"wp-block-stackable-posts alignwide stk-block-posts stk-block stk-e0da4aa is-style-list\" data-v=\"2\" data-block-id=\"e0da4aa\"><style>.stk-e0da4aa .stk-container-padding{width:65% !important;}.stk-e0da4aa .stk-img-wrapper,  .stk-e0da4aa-container .stk-block-posts__image-link{flex-basis:35% !important;}<\/style><div class=\"stk-inner-blocks stk-content-align stk-e0da4aa-column alignwide\"><div class=\"stk-block-posts__items\"><div class=\"stk-block-posts__item\"><div class=\"stk-container stk-e0da4aa-container stk--no-background stk--no-padding\"><a href=\"https:\/\/www.arenera.org.mx\/index.php\/2025\/12\/03\/comida-fin-de-ano-2025-cria\/\" class=\"stk-block-posts__image-link\"><figure class=\"stk-img-wrapper stk-image--shape-stretch\"><img loading=\"lazy\" decoding=\"async\" width=\"1280\" height=\"960\" src=\"https:\/\/www.arenera.org.mx\/wp-content\/uploads\/2025\/12\/Imagen-de-WhatsApp-2025-12-04-a-las-18.16.22_7caf7080-1.jpg\" class=\"attachment-full size-full wp-post-image\" alt=\"\" srcset=\"https:\/\/www.arenera.org.mx\/wp-content\/uploads\/2025\/12\/Imagen-de-WhatsApp-2025-12-04-a-las-18.16.22_7caf7080-1.jpg 1280w, https:\/\/www.arenera.org.mx\/wp-content\/uploads\/2025\/12\/Imagen-de-WhatsApp-2025-12-04-a-las-18.16.22_7caf7080-1-300x225.jpg 300w, https:\/\/www.arenera.org.mx\/wp-content\/uploads\/2025\/12\/Imagen-de-WhatsApp-2025-12-04-a-las-18.16.22_7caf7080-1-1024x768.jpg 1024w, https:\/\/www.arenera.org.mx\/wp-content\/uploads\/2025\/12\/Imagen-de-WhatsApp-2025-12-04-a-las-18.16.22_7caf7080-1-768x576.jpg 768w, https:\/\/www.arenera.org.mx\/wp-content\/uploads\/2025\/12\/Imagen-de-WhatsApp-2025-12-04-a-las-18.16.22_7caf7080-1-16x12.jpg 16w, https:\/\/www.arenera.org.mx\/wp-content\/uploads\/2025\/12\/Imagen-de-WhatsApp-2025-12-04-a-las-18.16.22_7caf7080-1-600x450.jpg 600w, https:\/\/www.arenera.org.mx\/wp-content\/uploads\/2025\/12\/Imagen-de-WhatsApp-2025-12-04-a-las-18.16.22_7caf7080-1-213x160.jpg 213w\" sizes=\"auto, (max-width: 1280px) 100vw, 1280px\" \/><\/figure><\/a><article class=\"stk-container-padding\"><h3 class=\"stk-block-posts__title\"><a href='https:\/\/www.arenera.org.mx\/index.php\/2025\/12\/03\/comida-fin-de-ano-2025-cria\/'>Comida fin de a\u00f1o 2025 CRIA<\/a><\/h3><div class=\"stk-block-posts__meta stk-subtitle\"><span>admin_arenera<\/span><span class=\"stk-block-posts__meta-sep\">\u00b7<\/span><time datetime=\"2025-12-03T15:00:46+00:00\">3 diciembre, 2025<\/time><span class=\"stk-block-posts__meta-sep\">\u00b7<\/span><span>0 comments<\/span><\/div><div class=\"stk-block-posts__category stk-subtitle\"><a href=\"https:\/\/www.arenera.org.mx\/index.php\/category\/de-interes\/\" rel=\"category tag\">De inter\u00e9s<\/a><\/div><div class=\"stk-block-posts__excerpt\"><p>Comida fin de a\u00f1o 2025 CRIA Comida en restaurante la Vega de Revoluci\u00f3n Nos complace compartir que el reciente evento de socios de la CRIA fue todo un \u00e9xito, contando con una excelente asistencia en el restaurante La Vega de Revoluci\u00f3n. Durante la reuni\u00f3n, nuestro presidente dirigi\u00f3 un mensaje especial a los presentes, abordando los&hellip;<\/p>\n<\/div><a class=\"stk-block-posts__readmore\" href=\"https:\/\/www.arenera.org.mx\/index.php\/2025\/12\/03\/comida-fin-de-ano-2025-cria\/\">Continue Reading<\/a><\/article><\/div><\/div><div class=\"stk-block-posts__item\"><div class=\"stk-container stk-e0da4aa-container stk--no-background stk--no-padding\"><a href=\"https:\/\/www.arenera.org.mx\/index.php\/2025\/11\/11\/primer-evento-conjunto-de-socios-y-bancos-independientes\/\" class=\"stk-block-posts__image-link\"><figure class=\"stk-img-wrapper stk-image--shape-stretch\"><img loading=\"lazy\" decoding=\"async\" width=\"1600\" height=\"1200\" src=\"https:\/\/www.arenera.org.mx\/wp-content\/uploads\/2025\/11\/Primer-evento-conjunto-de-socios-y-bancos-independientes.jpg\" class=\"attachment-full size-full wp-post-image\" alt=\"\" srcset=\"https:\/\/www.arenera.org.mx\/wp-content\/uploads\/2025\/11\/Primer-evento-conjunto-de-socios-y-bancos-independientes.jpg 1600w, https:\/\/www.arenera.org.mx\/wp-content\/uploads\/2025\/11\/Primer-evento-conjunto-de-socios-y-bancos-independientes-300x225.jpg 300w, https:\/\/www.arenera.org.mx\/wp-content\/uploads\/2025\/11\/Primer-evento-conjunto-de-socios-y-bancos-independientes-1024x768.jpg 1024w, https:\/\/www.arenera.org.mx\/wp-content\/uploads\/2025\/11\/Primer-evento-conjunto-de-socios-y-bancos-independientes-768x576.jpg 768w, https:\/\/www.arenera.org.mx\/wp-content\/uploads\/2025\/11\/Primer-evento-conjunto-de-socios-y-bancos-independientes-1536x1152.jpg 1536w, https:\/\/www.arenera.org.mx\/wp-content\/uploads\/2025\/11\/Primer-evento-conjunto-de-socios-y-bancos-independientes-16x12.jpg 16w\" sizes=\"auto, (max-width: 1600px) 100vw, 1600px\" \/><\/figure><\/a><article class=\"stk-container-padding\"><h3 class=\"stk-block-posts__title\"><a href='https:\/\/www.arenera.org.mx\/index.php\/2025\/11\/11\/primer-evento-conjunto-de-socios-y-bancos-independientes\/'>Primer evento conjunto de socios y bancos independientes<\/a><\/h3><div class=\"stk-block-posts__meta stk-subtitle\"><span>admin_arenera<\/span><span class=\"stk-block-posts__meta-sep\">\u00b7<\/span><time datetime=\"2025-11-11T10:00:03+00:00\">11 noviembre, 2025<\/time><span class=\"stk-block-posts__meta-sep\">\u00b7<\/span><span>0 comments<\/span><\/div><div class=\"stk-block-posts__category stk-subtitle\"><a href=\"https:\/\/www.arenera.org.mx\/index.php\/category\/noticias\/\" rel=\"category tag\">Noticias<\/a><\/div><div class=\"stk-block-posts__excerpt\"><p>Eventos y noticias Este d\u00eda 12 de noviembre, se llev\u00f3 a cabo la primera reuni\u00f3n entre socios de la C\u00e1mara Arenera y representantes de bancos de materiales del Estado de M\u00e9xico, con la intenci\u00f3n de llegar a acuerdos en temas de inter\u00e9s para el sector a nivel regional, entre los temas que se pusieron sobre&hellip;<\/p>\n<\/div><a class=\"stk-block-posts__readmore\" href=\"https:\/\/www.arenera.org.mx\/index.php\/2025\/11\/11\/primer-evento-conjunto-de-socios-y-bancos-independientes\/\">Continue Reading<\/a><\/article><\/div><\/div><\/div><div class=\"stk-inner-blocks\"><\/div><\/div><\/div>\n\n\n\n<div class=\"wp-block-stackable-spacer stk-block-spacer stk--no-padding stk-block stk-2c4acfb\" data-block-id=\"2c4acfb\"><\/div>\n","protected":false},"excerpt":{"rendered":"<p>Eventos y noticias Comida fin de a\u00f1o 2025 CRIA admin_arenera\u00b73 diciembre, 2025\u00b70 comments De inter\u00e9s Comida fin de a\u00f1o 2025 CRIA Comida en restaurante la Vega de Revoluci\u00f3n Nos complace compartir que el reciente evento de socios de la CRIA fue todo un \u00e9xito, contando con una excelente asistencia en el restaurante La Vega de [&hellip;]<\/p>\n","protected":false},"author":1,"featured_media":0,"parent":0,"menu_order":0,"comment_status":"closed","ping_status":"closed","template":"","meta":{"_crdt_document":"","footnotes":""},"folder":[36],"class_list":["post-999","page","type-page","status-publish","hentry"],"blocksy_meta":[],"_links":{"self":[{"href":"https:\/\/www.arenera.org.mx\/index.php\/wp-json\/wp\/v2\/pages\/999","targetHints":{"allow":["GET"]}}],"collection":[{"href":"https:\/\/www.arenera.org.mx\/index.php\/wp-json\/wp\/v2\/pages"}],"about":[{"href":"https:\/\/www.arenera.org.mx\/index.php\/wp-json\/wp\/v2\/types\/page"}],"author":[{"embeddable":true,"href":"https:\/\/www.arenera.org.mx\/index.php\/wp-json\/wp\/v2\/users\/1"}],"replies":[{"embeddable":true,"href":"https:\/\/www.arenera.org.mx\/index.php\/wp-json\/wp\/v2\/comments?post=999"}],"version-history":[{"count":9,"href":"https:\/\/www.arenera.org.mx\/index.php\/wp-json\/wp\/v2\/pages\/999\/revisions"}],"predecessor-version":[{"id":1432,"href":"https:\/\/www.arenera.org.mx\/index.php\/wp-json\/wp\/v2\/pages\/999\/revisions\/1432"}],"wp:attachment":[{"href":"https:\/\/www.arenera.org.mx\/index.php\/wp-json\/wp\/v2\/media?parent=999"}],"wp:term":[{"taxonomy":"folder","embeddable":true,"href":"https:\/\/www.arenera.org.mx\/index.php\/wp-json\/wp\/v2\/folder?post=999"}],"curies":[{"name":"wp","href":"https:\/\/api.w.org\/{rel}","templated":true}]}}